{"id":2187,"date":"2023-05-26T19:14:51","date_gmt":"2023-05-26T19:14:51","guid":{"rendered":"https:\/\/radi.md\/?page_id=2187"},"modified":"2023-05-28T19:28:08","modified_gmt":"2023-05-28T19:28:08","slug":"termeni-si-conditii","status":"publish","type":"page","link":"https:\/\/radi.md\/ru\/termeni-si-conditii\/","title":{"rendered":"Termeni \u0219i condi\u021bii"},"content":{"rendered":"<p>Mul\u021bumim pentru interesul fa\u021b\u0103 de compania, site-ul \u0219i produsele pe care le prezent\u0103m prin intermediul site-ului nostru.<\/p>\n\n\n\n<p>V\u0103 rug\u0103m s\u0103 citi\u021bi acest document cu aten\u021bie. Acest document (denumit \u00een continuare&nbsp;<em>\u201eTermeni \u0219i Condi\u021bii\u201d)&nbsp;<\/em>reprezint\u0103 condi\u021biile utiliz\u0103rii site-ului \u201eRADI Mobil\u0103 la comanp\u201d. Prin navigarea pe site-ul nostru&nbsp; sunte\u021bi de acord cu Termenii \u0219i Condi\u021biile descrise mai jos. Acest document reprezint\u0103 o conven\u021bie legal\u0103 \u2013 un contract \u00eentre dumneavoastr\u0103 \u0219i noi. V\u0103 rug\u0103m s\u0103 citi\u021bi \u0219i Politica noastr\u0103 de confiden\u021bialitate \u0219i Politica privind utilizarea modulelor cookie, \u00eenainte de a naviga pe site sau a plasa o comand\u0103. Dac\u0103 nu sunte\u021bi de acord cu ace\u0219ti Termeni sau cu Politicile indicate mai sus, v\u0103 rug\u0103m s\u0103 nu utiliza\u021bi site-ul.<\/p>\n\n\n\n<p>\u00cen\u021belege\u021bi c\u0103 at\u00e2t prezentul contract, c\u00e2t \u0219i toate politicile la care acesta face referire (e.g., Politic\u0103 de confiden\u021bialitate, Politic\u0103 privind utilizarea modulelor cookie) au caracter obligatoriu fa\u021b\u0103 de dvs. Prin navigarea pe site-ul nostru, v\u0103 lua\u021bi angajamentul de a respecta prezentul contract \u0219i politicile indicate.<\/p>\n\n\n\n<p>Ne rezerv\u0103m dreptul de a modifica oric\u00e2nd \u0219i f\u0103r\u0103 notificare prealabil\u0103 ace\u0219ti Termeni. Comenzii dumneavoastr\u0103 i se vor aplica termenii care sunt \u00een vigoare la momentul plas\u0103rii comenzii. Acces\u00e2nd site-ul nostru ve\u021bi g\u0103si cea mai recent\u0103 versiune a Termenilor.<\/p>\n\n\n\n<p>Dac\u0103 ave\u021bi \u00eentreb\u0103ri sau neclarit\u0103\u021bi, ne pute\u021bi contacta cu \u00eencredere la info@radi.md sau prin completarea formularului de contact \u0219i o s\u0103 v\u0103 r\u0103spundem \u00een cel mai scurt timp.<\/p>\n\n\n\n<p><strong>REGULI PRIVIND UTILIZAREA SITE-ULUI<\/strong><\/p>\n\n\n\n<p>Prin accesarea, vizitarea, sau desf\u0103\u0219urarea oric\u0103rei alte activit\u0103\u021bi pe site-ul nostru, promite\u021bi s\u0103 respecta\u021bi urm\u0103toarele reguli:<\/p>\n\n\n\n<ol class=\"wp-block-list\">\n<li>Ve\u021bi folosi acest site exclusiv pentru informare;<\/li>\n\n\n\n<li>Nu ve\u021bi efectua nicio solicitare fals\u0103 sau frauduloas\u0103, \u00een caz contrar ne rezerv\u0103m dreptul de a informa autorit\u0103\u021bile competente sau a ne adresa justi\u021biei pentru recuperarea oric\u0103ror prejudicii cauzate;<\/li>\n\n\n\n<li>Ve\u021bi furniza informa\u021bii reale, exacte, complete \u0219i actualizate;<\/li>\n\n\n\n<li>Ve\u021bi respecta drepturile de proprietate intelectual\u0103 cu privire la orice element reg\u0103sit pe acest site.<\/li>\n\n\n\n<li>Nu ve\u021bi desf\u0103\u0219ura niciun fel de ac\u021biune care ar putea aduce orice fel de prejudiciu site-ului nostru, \u00een caz contrar ne rezerv\u0103m dreptul de a ne adresa justi\u021biei pentru recuperarea oric\u0103ror prejudicii cauzate.<\/li>\n<\/ol>\n\n\n\n<p><em><u>Consecin\u021be.<\/u><\/em>&nbsp;Ne rezerv\u0103m dreptul de a bloca accesul oric\u0103rui utilizator care \u00eencalc\u0103 regulile de mai sus, de a sesiza autorit\u0103\u021bile competente pentru tragerea la r\u0103spundere administrativ\u0103\/penal\u0103 a oric\u0103ror fapte antisociale \u0219i de a ne adresa justi\u021biei pentru recuperarea \u00een integralitate a oric\u0103ror prejudiciilor cauzate, prezente sau viitoare, inclusive beneficiile nerealizate \u0219i cheltuielile de judecat\u0103 (inclusiv onorariile avoca\u021bilor).<\/p>\n\n\n\n<p><strong>FOR\u021aA MAJOR\u0102 \u0218I CAZUL FORTUIT<\/strong><\/p>\n\n\n\n<p><strong>&nbsp;<\/strong>Nu vom fi tra\u0219i la r\u0103spundere pentru niciun fel de \u00eent\u00e2rzieri sau nereu\u0219ite \u00een \u00eendeplinirea serviciilor noastre, dac\u0103 intervine un caz de for\u021b\u0103 major\u0103 sau un caz fortuit. For\u021ba major\u0103 include, dar nu se limiteaz\u0103 la schimb\u0103ri \u00een legi sau reglement\u0103ri, embargouri, r\u0103zboaie, acte teroriste, revolte, incendii, cutremure, accidente nucleare, inunda\u021bii, greve, epidemii, pandemii, condi\u021bii meteorologice \u0219i acte ale hackerilor sau furnizorilor de servicii de internet.<\/p>\n\n\n\n<p><strong>PROPRIETATEA INTELECTUAL\u0102<\/strong><strong>&nbsp;<\/strong><\/p>\n\n\n\n<p>\u00centregul con\u021binut al site-ului este proprietatea intelectual\u0103 a RADI Design and Furniture. Site-ul poate fi folosit de c\u0103tre ter\u021bi doar pentru informare \u0219i\/sau plasare de solicit\u0103ri.<\/p>\n\n\n\n<p>Utilizatorii site-ului nu au dreptul de a desc\u0103rca, modifica par\u021bial sau integral site-ul,&nbsp; reproduce par\u021bial \u0219i\/sau integral site-ul, copia, vinde sau exploata site-ul \u00een orice alt\u0103 manier\u0103 contrar\u0103 intereselor Societ\u0103\u021bii RADI Design and Furniture, indiferent dac\u0103 exist\u0103 sau nu un scop comercial.<\/p>\n\n\n\n<p>Orice con\u021binut (incluz\u00e2nd, dar f\u0103r\u0103 a se limita la baze de date, elemente de grafic\u0103, m\u0103rci, con\u021binut juridic) sunt proprietatea intelectual\u0103 a RADI Design and Furniture. \u00centregul site este protejat de Legea nr. 8\/1996 privind drepturile de autor \u0219i drepturile conexe, iar pentru orice \u00eenc\u0103lcare a propriet\u0103\u021bii intelectuale, ne rezerv\u0103m dreptul de a sesiza instan\u021bele de judecat\u0103 competente pentru recuperarea integral\u0103 a prejudiciului, precum \u0219i de a depune o pl\u00e2ngere penal\u0103 la organele judiciare pentru tragerea la r\u0103spundere penal\u0103 a f\u0103ptuitorului.<\/p>","protected":false},"excerpt":{"rendered":"<p>Mul\u021bumim pentru interesul fa\u021b\u0103 de compania, site-ul \u0219i produsele pe care le prezent\u0103m prin intermediul site-ului nostru. V\u0103 rug\u0103m s\u0103 citi\u021bi acest document cu aten\u021bie. Acest document (denumit \u00een continuare&nbsp;\u201eTermeni \u0219i Condi\u021bii\u201d)&nbsp;reprezint\u0103 condi\u021biile utiliz\u0103rii site-ului \u201eRADI Mobil\u0103 la comanp\u201d. Prin navigarea pe site-ul nostru&nbsp; sunte\u021bi de acord cu Termenii \u0219i Condi\u021biile descrise mai jos. Acest [&hellip;]<\/p>","protected":false},"author":1,"featured_media":0,"parent":0,"menu_order":0,"comment_status":"closed","ping_status":"closed","template":"","meta":{"footnotes":""},"class_list":["post-2187","page","type-page","status-publish","hentry"],"acf":[],"_links":{"self":[{"href":"https:\/\/radi.md\/ru\/wp-json\/wp\/v2\/pages\/2187","targetHints":{"allow":["GET"]}}],"collection":[{"href":"https:\/\/radi.md\/ru\/wp-json\/wp\/v2\/pages"}],"about":[{"href":"https:\/\/radi.md\/ru\/wp-json\/wp\/v2\/types\/page"}],"author":[{"embeddable":true,"href":"https:\/\/radi.md\/ru\/wp-json\/wp\/v2\/users\/1"}],"replies":[{"embeddable":true,"href":"https:\/\/radi.md\/ru\/wp-json\/wp\/v2\/comments?post=2187"}],"version-history":[{"count":0,"href":"https:\/\/radi.md\/ru\/wp-json\/wp\/v2\/pages\/2187\/revisions"}],"wp:attachment":[{"href":"https:\/\/radi.md\/ru\/wp-json\/wp\/v2\/media?parent=2187"}],"curies":[{"name":"wp","href":"https:\/\/api.w.org\/{rel}","templated":true}]}}