{"id":22,"date":"2023-05-12T19:16:31","date_gmt":"2023-05-12T19:16:31","guid":{"rendered":"https:\/\/radi.md\/?page_id=22"},"modified":"2025-11-24T19:09:04","modified_gmt":"2025-11-24T17:09:04","slug":"contact","status":"publish","type":"page","link":"https:\/\/radi.md\/ru\/contact\/","title":{"rendered":"Contact"},"content":{"rendered":"<p>contacte<\/p>\n<h1>Contacteaz\u0103-ne pentru mai multe informa\u021bii<\/h1>\n<ul>\n<li><a href=\"#formular\"><br \/>completeaz\u0103 formularul<br \/><\/a><\/li>\n<li><a href=\"#retele_sociale\"><br \/>re\u021bele de socializare<br \/><\/a><\/li>\n<\/ul>\n<p><style>.elementor-1539 .elementor-element.elementor-element-fc3bfbe{--display:flex;--flex-direction:column;--container-widget-width:100%;--container-widget-height:initial;--container-widget-flex-grow:0;--container-widget-align-self:initial;--flex-wrap-mobile:wrap;--background-transition:0.3s;}.elementor-1539 .elementor-element.elementor-element-1e07cf1 .jet-listing-dynamic-image{justify-content:flex-start;}.elementor-1539 .elementor-element.elementor-element-7f5bd86 .jet-listing-dynamic-field .jet-listing-dynamic-field__inline-wrap{width:auto;}.elementor-1539 .elementor-element.elementor-element-7f5bd86 .jet-listing-dynamic-field .jet-listing-dynamic-field__content{width:auto;}.elementor-1539 .elementor-element.elementor-element-7f5bd86 .jet-listing-dynamic-field{justify-content:flex-start;}.elementor-1539 .elementor-element.elementor-element-7f5bd86 .jet-listing-dynamic-field__content{text-align:left;}.elementor-1539 .elementor-element.elementor-element-f67adbe .jet-listing-dynamic-field .jet-listing-dynamic-field__inline-wrap{width:auto;}.elementor-1539 .elementor-element.elementor-element-f67adbe .jet-listing-dynamic-field .jet-listing-dynamic-field__content{width:auto;}.elementor-1539 .elementor-element.elementor-element-f67adbe .jet-listing-dynamic-field{justify-content:flex-start;}.elementor-1539 .elementor-element.elementor-element-f67adbe .jet-listing-dynamic-field__content{text-align:left;}.elementor-1539 .elementor-element.elementor-element-e835bb9 .jet-listing-dynamic-field .jet-listing-dynamic-field__inline-wrap{width:auto;}.elementor-1539 .elementor-element.elementor-element-e835bb9 .jet-listing-dynamic-field .jet-listing-dynamic-field__content{width:auto;}.elementor-1539 .elementor-element.elementor-element-e835bb9 .jet-listing-dynamic-field{justify-content:flex-start;}.elementor-1539 .elementor-element.elementor-element-e835bb9 .jet-listing-dynamic-field__content{text-align:left;}.elementor-1539 .elementor-element.elementor-element-03f409a .jet-listing-dynamic-field .jet-listing-dynamic-field__inline-wrap{width:auto;}.elementor-1539 .elementor-element.elementor-element-03f409a .jet-listing-dynamic-field .jet-listing-dynamic-field__content{width:auto;}.elementor-1539 .elementor-element.elementor-element-03f409a .jet-listing-dynamic-field{justify-content:flex-start;}.elementor-1539 .elementor-element.elementor-element-03f409a .jet-listing-dynamic-field__content{text-align:left;}.elementor-1539 .elementor-element.elementor-element-d6b3259{--display:flex;--flex-direction:row;--container-widget-width:calc( ( 1 - var( --container-widget-flex-grow ) ) * 100% );--container-widget-height:100%;--container-widget-flex-grow:1;--container-widget-align-self:stretch;--flex-wrap-mobile:wrap;--align-items:center;--background-transition:0.3s;}.elementor-1539 .elementor-element.elementor-element-e7bc532 .jet-listing-dynamic-link__link{align-self:flex-start;flex-direction:row;}.elementor-1539 .elementor-element.elementor-element-e7bc532 .jet-listing-dynamic-link__icon{order:1;}.elementor-1539 .elementor-element.elementor-element-275db22 .jet-listing-dynamic-link__link{align-self:flex-start;flex-direction:row;}.elementor-1539 .elementor-element.elementor-element-275db22 .jet-listing-dynamic-link__icon{order:1;}.elementor-1539 .elementor-element.elementor-element-b86e10b .jet-listing-dynamic-link__link{align-self:flex-start;flex-direction:row;}.elementor-1539 .elementor-element.elementor-element-b86e10b .jet-listing-dynamic-link__icon{order:1;}.jet-listing-item.single-jet-engine.elementor-page-1539 > .elementor{width:718px;margin-left:auto;margin-right:auto;}<\/style><\/p>\n<p><img fetchpriority=\"high\" decoding=\"async\" src=\"https:\/\/radi.md\/wp-content\/uploads\/2023\/05\/Rectangle-495.jpeg\" sizes=\"(max-width: 841px) 100vw, 841px\" srcset=\"https:\/\/radi.md\/wp-content\/uploads\/2023\/05\/Rectangle-495.jpeg 841w, https:\/\/radi.md\/wp-content\/uploads\/2023\/05\/Rectangle-495-300x163.jpeg 300w, https:\/\/radi.md\/wp-content\/uploads\/2023\/05\/Rectangle-495-768x416.jpeg 768w\" alt=\"Rectangle 495\" width=\"841\" height=\"456\" \/><br \/>Rom\u00e2nia<br \/>Loca\u021bii de activitate<br \/>Bucure\u0219ti, Cluj-Napoca, Bra\u0219ov, Ia\u0219i<br \/>Orar<br \/>Luni \u2013 S\u00e2mb\u0103t\u0103: 09:00 \u2013 19:00<br \/>Duminic\u0103: \u00cenchis<br \/>Departament v\u00e2nz\u0103ri<br \/>+40 (756) 802 946<br \/>+40 (748) 548 180<br \/>info@radi.ro<\/p>\n<p><style>.elementor-1539 .elementor-element.elementor-element-fc3bfbe{--display:flex;--flex-direction:column;--container-widget-width:100%;--container-widget-height:initial;--container-widget-flex-grow:0;--container-widget-align-self:initial;--flex-wrap-mobile:wrap;--background-transition:0.3s;}.elementor-1539 .elementor-element.elementor-element-1e07cf1 .jet-listing-dynamic-image{justify-content:flex-start;}.elementor-1539 .elementor-element.elementor-element-7f5bd86 .jet-listing-dynamic-field .jet-listing-dynamic-field__inline-wrap{width:auto;}.elementor-1539 .elementor-element.elementor-element-7f5bd86 .jet-listing-dynamic-field .jet-listing-dynamic-field__content{width:auto;}.elementor-1539 .elementor-element.elementor-element-7f5bd86 .jet-listing-dynamic-field{justify-content:flex-start;}.elementor-1539 .elementor-element.elementor-element-7f5bd86 .jet-listing-dynamic-field__content{text-align:left;}.elementor-1539 .elementor-element.elementor-element-f67adbe .jet-listing-dynamic-field .jet-listing-dynamic-field__inline-wrap{width:auto;}.elementor-1539 .elementor-element.elementor-element-f67adbe .jet-listing-dynamic-field .jet-listing-dynamic-field__content{width:auto;}.elementor-1539 .elementor-element.elementor-element-f67adbe .jet-listing-dynamic-field{justify-content:flex-start;}.elementor-1539 .elementor-element.elementor-element-f67adbe .jet-listing-dynamic-field__content{text-align:left;}.elementor-1539 .elementor-element.elementor-element-e835bb9 .jet-listing-dynamic-field .jet-listing-dynamic-field__inline-wrap{width:auto;}.elementor-1539 .elementor-element.elementor-element-e835bb9 .jet-listing-dynamic-field .jet-listing-dynamic-field__content{width:auto;}.elementor-1539 .elementor-element.elementor-element-e835bb9 .jet-listing-dynamic-field{justify-content:flex-start;}.elementor-1539 .elementor-element.elementor-element-e835bb9 .jet-listing-dynamic-field__content{text-align:left;}.elementor-1539 .elementor-element.elementor-element-03f409a .jet-listing-dynamic-field .jet-listing-dynamic-field__inline-wrap{width:auto;}.elementor-1539 .elementor-element.elementor-element-03f409a .jet-listing-dynamic-field .jet-listing-dynamic-field__content{width:auto;}.elementor-1539 .elementor-element.elementor-element-03f409a .jet-listing-dynamic-field{justify-content:flex-start;}.elementor-1539 .elementor-element.elementor-element-03f409a .jet-listing-dynamic-field__content{text-align:left;}.elementor-1539 .elementor-element.elementor-element-d6b3259{--display:flex;--flex-direction:row;--container-widget-width:calc( ( 1 - var( --container-widget-flex-grow ) ) * 100% );--container-widget-height:100%;--container-widget-flex-grow:1;--container-widget-align-self:stretch;--flex-wrap-mobile:wrap;--align-items:center;--background-transition:0.3s;}.elementor-1539 .elementor-element.elementor-element-e7bc532 .jet-listing-dynamic-link__link{align-self:flex-start;flex-direction:row;}.elementor-1539 .elementor-element.elementor-element-e7bc532 .jet-listing-dynamic-link__icon{order:1;}.elementor-1539 .elementor-element.elementor-element-275db22 .jet-listing-dynamic-link__link{align-self:flex-start;flex-direction:row;}.elementor-1539 .elementor-element.elementor-element-275db22 .jet-listing-dynamic-link__icon{order:1;}.elementor-1539 .elementor-element.elementor-element-b86e10b .jet-listing-dynamic-link__link{align-self:flex-start;flex-direction:row;}.elementor-1539 .elementor-element.elementor-element-b86e10b .jet-listing-dynamic-link__icon{order:1;}.jet-listing-item.single-jet-engine.elementor-page-1539 > .elementor{width:718px;margin-left:auto;margin-right:auto;}<\/style><\/p>\n<p><img decoding=\"async\" src=\"https:\/\/radi.md\/wp-content\/uploads\/2023\/05\/Rectangle-496.jpeg\" sizes=\"(max-width: 1055px) 100vw, 1055px\" srcset=\"https:\/\/radi.md\/wp-content\/uploads\/2023\/05\/Rectangle-496.jpeg 1055w, https:\/\/radi.md\/wp-content\/uploads\/2023\/05\/Rectangle-496-300x130.jpeg 300w, https:\/\/radi.md\/wp-content\/uploads\/2023\/05\/Rectangle-496-1024x443.jpeg 1024w, https:\/\/radi.md\/wp-content\/uploads\/2023\/05\/Rectangle-496-768x332.jpeg 768w\" alt=\"Rectangle 496\" width=\"1055\" height=\"456\" \/><br \/>Moldova<br \/>Loca\u021bii de activitate<br \/>Showroom: mun. Chi\u0219in\u0103u, or. St\u0103uceni<br \/>Orar<br \/>Luni &#8211; Vineri 10:00 &#8211; 20:00, S\u00e2mb\u0103t\u0103 10:00 &#8211; 14:00<br \/>Duminic\u0103: \u00cenchis<br \/>Departament v\u00e2nz\u0103ri<br \/>+373 69 122 311<br \/>+373 69 153 608<br \/>info@radi.md<\/p>\n<h2>Contacteaz\u0103-ne<\/h2>\n<p>Pentru a solicita o estimare de pre\u021b pentru mobila dorit\u0103 sau pentru a stabili o \u00eentrevedere consultativ\u0103 te rug\u0103m s\u0103 completezi formularul de mai jos.<\/p>\n<p><img decoding=\"async\" src=\"https:\/\/radi.md\/wp-content\/uploads\/2023\/05\/Rectangle-400-1-1-1024x996.jpeg\" sizes=\"(max-width: 800px) 100vw, 800px\" srcset=\"https:\/\/radi.md\/wp-content\/uploads\/2023\/05\/Rectangle-400-1-1-1024x996.jpeg 1024w, https:\/\/radi.md\/wp-content\/uploads\/2023\/05\/Rectangle-400-1-1-300x292.jpeg 300w, https:\/\/radi.md\/wp-content\/uploads\/2023\/05\/Rectangle-400-1-1-768x747.jpeg 768w, https:\/\/radi.md\/wp-content\/uploads\/2023\/05\/Rectangle-400-1-1-1536x1494.jpeg 1536w, https:\/\/radi.md\/wp-content\/uploads\/2023\/05\/Rectangle-400-1-1.jpeg 1610w\" alt=\"\" width=\"800\" height=\"778\" \/><\/p>\n<h2>RADI pe re\u021bele de socializare\u200b<\/h2>\n<p><a href=\"https:\/\/www.facebook.com\/radi.design.mobila\" target=\"_blank\" rel=\"noopener\">facebook,<\/a>\u00a0 \u00a0<a href=\"https:\/\/www.instagram.com\/radi.design.furniture\/\" target=\"_blank\" rel=\"noopener\">instagram<\/a><\/p>\n<p>Nu ezita s\u0103 urm\u0103re\u0219ti activitatea noastr\u0103 \u0219i pe re\u021belele de socializare, \u0219i de ce nu, s\u0103 ne dai \u0219i un like!<\/p>\n<p>\u00a0<\/p>\n<h2>Mutare strategic\u0103. Calitate constant\u0103.<\/h2>\n<p>Pentru a oferi o experien\u021b\u0103 mai eficient\u0103 \u0219i un serviciu mai rapid, am unit Showroomul cu producerea \u0219i ne-am mutat \u00een St\u0103uceni. Aceast\u0103 schimbare ne permite s\u0103 reducem costurile opera\u021bionale \u0219i, \u00een acela\u0219i timp, s\u0103 investim mai mult \u00een calitatea materialelor, noile tehnologii \u0219i termene de execu\u021bie mai scurte.<\/p>\n<p>\u00cen noua loca\u021bie ve\u021bi g\u0103si totul \u00eentr-un singur loc: parcare accesibil\u0103, showroom, atelier \u0219i echipa tehnic\u0103 &#8211; ceea ce \u00eenseamn\u0103 consultan\u021b\u0103 mai atent\u0103, proiecte personalizate mai precise \u0219i posibilitatea de a vedea pe loc detalii reale din procesul de produc\u021bie.<\/p>\n<p>V\u0103 rug\u0103m s\u0103 ne contacta\u021bi pentru programare preventiv\u0103, astfel \u00eenc\u00e2t s\u0103 v\u0103 putem dedica timpul \u0219i aten\u021bia necesar\u0103 fiec\u0103rui proiect.<\/p>\n<p>V\u0103 a\u0219tept\u0103m \u00een St\u0103uceni, cu aceea\u0219i calitate garantat\u0103 \u0219i mai mult\u0103 eficien\u021b\u0103 pentru casa dumneavoastr\u0103.<\/p>\n<p>\u00a0<\/p>\n\n\n<p><\/p>","protected":false},"excerpt":{"rendered":"<p>contacte Contacteaz\u0103-ne pentru mai multe informa\u021bii completeaz\u0103 formularul re\u021bele de socializare Rom\u00e2niaLoca\u021bii de activitateBucure\u0219ti, Cluj-Napoca, Bra\u0219ov, Ia\u0219iOrarLuni \u2013 S\u00e2mb\u0103t\u0103: 09:00 \u2013 19:00Duminic\u0103: \u00cenchisDepartament v\u00e2nz\u0103ri+40 (756) 802 946+40 (748) 548 180info@radi.ro MoldovaLoca\u021bii de activitateShowroom: mun. Chi\u0219in\u0103u, or. St\u0103uceniOrarLuni &#8211; Vineri 10:00 &#8211; 20:00, S\u00e2mb\u0103t\u0103 10:00 &#8211; 14:00Duminic\u0103: \u00cenchisDepartament v\u00e2nz\u0103ri+373 69 122 311+373 69 153 608info@radi.md Contacteaz\u0103-ne [&hellip;]<\/p>","protected":false},"author":1,"featured_media":0,"parent":0,"menu_order":0,"comment_status":"closed","ping_status":"closed","template":"","meta":{"footnotes":""},"class_list":["post-22","page","type-page","status-publish","hentry"],"acf":[],"_links":{"self":[{"href":"https:\/\/radi.md\/ru\/wp-json\/wp\/v2\/pages\/22","targetHints":{"allow":["GET"]}}],"collection":[{"href":"https:\/\/radi.md\/ru\/wp-json\/wp\/v2\/pages"}],"about":[{"href":"https:\/\/radi.md\/ru\/wp-json\/wp\/v2\/types\/page"}],"author":[{"embeddable":true,"href":"https:\/\/radi.md\/ru\/wp-json\/wp\/v2\/users\/1"}],"replies":[{"embeddable":true,"href":"https:\/\/radi.md\/ru\/wp-json\/wp\/v2\/comments?post=22"}],"version-history":[{"count":25,"href":"https:\/\/radi.md\/ru\/wp-json\/wp\/v2\/pages\/22\/revisions"}],"predecessor-version":[{"id":4431,"href":"https:\/\/radi.md\/ru\/wp-json\/wp\/v2\/pages\/22\/revisions\/4431"}],"wp:attachment":[{"href":"https:\/\/radi.md\/ru\/wp-json\/wp\/v2\/media?parent=22"}],"curies":[{"name":"wp","href":"https:\/\/api.w.org\/{rel}","templated":true}]}}