{"id":3698,"date":"2023-06-22T10:09:00","date_gmt":"2023-06-22T10:09:00","guid":{"rendered":"https:\/\/radi.md\/?page_id=3698"},"modified":"2025-07-21T00:08:52","modified_gmt":"2025-07-20T21:08:52","slug":"primeste-masina-de-spalat-vase-cadou","status":"publish","type":"page","link":"https:\/\/radi.md\/ru\/primeste-masina-de-spalat-vase-cadou\/","title":{"rendered":"Prime\u0219te Ma\u0219ina de sp\u0103lat vase CADOU"},"content":{"rendered":"<p>Ofert\u0103\t\t<\/p>\n<h1>Prime\u0219te o ma\u0219in\u0103 de sp\u0103lat vase CADOU<br \/>\nla comanda mobilierului de buc\u0103t\u0103rie!<\/h1>\n<p>\t\t\t\t\t\t\t\t\t\t\t\t\t\t<a href=\"#form\"><br \/>\n\t\t\t\t\t\t\t<img fetchpriority=\"high\" decoding=\"async\" width=\"972\" height=\"546\" src=\"https:\/\/radi.md\/wp-content\/uploads\/2023\/06\/Mask-group1-78.png\" alt=\"\" srcset=\"https:\/\/radi.md\/wp-content\/uploads\/2023\/06\/Mask-group1-78.png 972w, https:\/\/radi.md\/wp-content\/uploads\/2023\/06\/Mask-group1-78-300x169.png 300w, https:\/\/radi.md\/wp-content\/uploads\/2023\/06\/Mask-group1-78-768x431.png 768w, https:\/\/radi.md\/wp-content\/uploads\/2023\/06\/Mask-group1-78-18x10.png 18w\" sizes=\"(max-width: 972px) 100vw, 972px\" \/>\t\t\t\t\t\t\t\t<\/a><br \/>\n\t\t\tOferta  valabil\u0103 p\u00e2n\u0103 la 31 decembrie 2024\t\t<\/p>\n<h1>Prinde oferta!<\/h1>\n<p>\t\tC\u00e2nd decizi s\u0103 \u00ee\u021bi aduci buc\u0103t\u0103ria la nivelul urm\u0103tor cu mobilier personalizat, noi vrem s\u0103 \u00ee\u021bi facem via\u021ba \u0219i mai u\u0219oar\u0103. Comand\u0103 mobila de buc\u0103t\u0103rie \u0219i prime\u0219ti o ma\u0219in\u0103 de sp\u0103lat vase modern\u0103, absolut GRATUIT!<br \/>\n<\/br><\/br><br \/>\n\ud83c\udf1f De ce s\u0103 alegi aceast\u0103 ofert\u0103? \ud83c\udf1f<\/br><\/br><\/p>\n<ol>\n<li style=\"font-weight: 400;\" aria-level=\"1\">Design personalizat: Buc\u0103t\u0103ria este inima casei tale. De aceea, merit\u0103 mobilier de calitate, realizat la comand\u0103, care s\u0103 se potriveasc\u0103 perfect cu stilul \u0219i spa\u021biul t\u0103u.<\/li>\n<li style=\"font-weight: 400;\" aria-level=\"1\">Eficien\u021b\u0103 \u0219i confort: Cu o ma\u0219in\u0103 de sp\u0103lat vase nou\u0103, vei economisi timp \u0219i efort pe care \u00eel po\u021bi dedica altor activit\u0103\u021bi pl\u0103cute \u00een familia ta.<\/li>\n<li style=\"font-weight: 400;\" aria-level=\"1\">Economie inteligent\u0103: Prin aceast\u0103 ofert\u0103, nu doar c\u0103 beneficiezi de mobilier de calitate superioar\u0103, dar \u0219i de un electrocasnic util \u0219i modern, f\u0103r\u0103 costuri suplimentare.<\/li>\n<\/ol>\n<p><\/br><br \/>\n\ud83d\udca1Cum Func\u021bioneaz\u0103?\ud83d\udca1<\/br><\/br><br \/>\nEste simplu! Tot ce trebuie s\u0103 faci este s\u0103 ne contactezi pentru a discuta detalii legate de mobilierul de buc\u0103t\u0103rie pe care \u00eel dore\u0219ti. Dup\u0103 finalizarea comenzii, ma\u0219ina de sp\u0103lat vase va fi inclus\u0103 ca bonus \u00een pachetul t\u0103u.<\/p>","protected":false},"excerpt":{"rendered":"<p>Ofert\u0103 Prime\u0219te o ma\u0219in\u0103 de sp\u0103lat vase CADOU la comanda mobilierului de buc\u0103t\u0103rie! Oferta valabil\u0103 p\u00e2n\u0103 la 31 decembrie 2024 Prinde oferta! C\u00e2nd decizi s\u0103 \u00ee\u021bi aduci buc\u0103t\u0103ria la nivelul urm\u0103tor cu mobilier personalizat, noi vrem s\u0103 \u00ee\u021bi facem via\u021ba \u0219i mai u\u0219oar\u0103. Comand\u0103 mobila de buc\u0103t\u0103rie \u0219i prime\u0219ti o ma\u0219in\u0103 de sp\u0103lat vase modern\u0103, [&hellip;]<\/p>","protected":false},"author":2,"featured_media":3301,"parent":0,"menu_order":0,"comment_status":"closed","ping_status":"closed","template":"","meta":{"footnotes":""},"class_list":["post-3698","page","type-page","status-publish","has-post-thumbnail","hentry"],"acf":[],"_links":{"self":[{"href":"https:\/\/radi.md\/ru\/wp-json\/wp\/v2\/pages\/3698","targetHints":{"allow":["GET"]}}],"collection":[{"href":"https:\/\/radi.md\/ru\/wp-json\/wp\/v2\/pages"}],"about":[{"href":"https:\/\/radi.md\/ru\/wp-json\/wp\/v2\/types\/page"}],"author":[{"embeddable":true,"href":"https:\/\/radi.md\/ru\/wp-json\/wp\/v2\/users\/2"}],"replies":[{"embeddable":true,"href":"https:\/\/radi.md\/ru\/wp-json\/wp\/v2\/comments?post=3698"}],"version-history":[{"count":37,"href":"https:\/\/radi.md\/ru\/wp-json\/wp\/v2\/pages\/3698\/revisions"}],"predecessor-version":[{"id":4420,"href":"https:\/\/radi.md\/ru\/wp-json\/wp\/v2\/pages\/3698\/revisions\/4420"}],"wp:featuredmedia":[{"embeddable":true,"href":"https:\/\/radi.md\/ru\/wp-json\/wp\/v2\/media\/3301"}],"wp:attachment":[{"href":"https:\/\/radi.md\/ru\/wp-json\/wp\/v2\/media?parent=3698"}],"curies":[{"name":"wp","href":"https:\/\/api.w.org\/{rel}","templated":true}]}}